{"id":33,"date":"2025-03-21T22:27:34","date_gmt":"2025-03-21T22:27:34","guid":{"rendered":"https:\/\/unitesla.com.mx\/?page_id=33"},"modified":"2026-01-08T20:39:35","modified_gmt":"2026-01-08T20:39:35","slug":"contacto","status":"publish","type":"page","link":"https:\/\/unitesla.com.mx\/index.php\/contacto\/","title":{"rendered":"Contacto"},"content":{"rendered":"<style>.wp-block-kadence-advancedheading.kt-adv-heading33_034f51-d4, .wp-block-kadence-advancedheading.kt-adv-heading33_034f51-d4[data-kb-block=\"kb-adv-heading33_034f51-d4\"]{text-align:center;font-style:normal;color:#1e519f;}.wp-block-kadence-advancedheading.kt-adv-heading33_034f51-d4 mark.kt-highlight, .wp-block-kadence-advancedheading.kt-adv-heading33_034f51-d4[data-kb-block=\"kb-adv-heading33_034f51-d4\"] mark.kt-highlight{font-style:normal;color:#f76a0c;-webkit-box-decoration-break:clone;box-decoration-break:clone;padding-top:0px;padding-right:0px;padding-bottom:0px;padding-left:0px;}<\/style>\n<h2 class=\"kt-adv-heading33_034f51-d4 wp-block-kadence-advancedheading\" data-kb-block=\"kb-adv-heading33_034f51-d4\"><strong>Cont\u00e1ctanos<\/strong><\/h2>\n\n\n<style>.wp-block-kadence-advancedheading.kt-adv-heading33_f73c83-bf, .wp-block-kadence-advancedheading.kt-adv-heading33_f73c83-bf[data-kb-block=\"kb-adv-heading33_f73c83-bf\"]{text-align:center;font-size:var(--global-kb-font-size-lg, 2rem);font-style:normal;}.wp-block-kadence-advancedheading.kt-adv-heading33_f73c83-bf mark.kt-highlight, .wp-block-kadence-advancedheading.kt-adv-heading33_f73c83-bf[data-kb-block=\"kb-adv-heading33_f73c83-bf\"] mark.kt-highlight{font-style:normal;color:#f76a0c;-webkit-box-decoration-break:clone;box-decoration-break:clone;padding-top:0px;padding-right:0px;padding-bottom:0px;padding-left:0px;}<\/style>\n<p class=\"kt-adv-heading33_f73c83-bf wp-block-kadence-advancedheading\" data-kb-block=\"kb-adv-heading33_f73c83-bf\">Estamos para ayudarte en tu camino acad\u00e9mico. Escr\u00edbenos o vis\u00edtanos para recibir orientaci\u00f3n personalizada, resolver dudas o iniciar tu proceso de inscripci\u00f3n.<\/p>\n\n\n\n<div class=\"wp-block-media-text is-stacked-on-mobile\" style=\"grid-template-columns:38% auto\"><figure class=\"wp-block-media-text__media\"><img loading=\"lazy\" decoding=\"async\" width=\"960\" height=\"959\" src=\"https:\/\/unitesla.com.mx\/wp-content\/uploads\/2025\/12\/tesla.jpg\" alt=\"\" class=\"wp-image-194 size-full\" srcset=\"https:\/\/unitesla.com.mx\/wp-content\/uploads\/2025\/12\/tesla.jpg 960w, https:\/\/unitesla.com.mx\/wp-content\/uploads\/2025\/12\/tesla-300x300.jpg 300w, https:\/\/unitesla.com.mx\/wp-content\/uploads\/2025\/12\/tesla-150x150.jpg 150w, https:\/\/unitesla.com.mx\/wp-content\/uploads\/2025\/12\/tesla-768x767.jpg 768w\" sizes=\"auto, (max-width: 960px) 100vw, 960px\" \/><\/figure><div class=\"wp-block-media-text__content\"><style>.wp-block-kadence-advancedheading.kt-adv-heading33_dd8485-a3, .wp-block-kadence-advancedheading.kt-adv-heading33_dd8485-a3[data-kb-block=\"kb-adv-heading33_dd8485-a3\"]{text-align:center;font-size:var(--global-kb-font-size-lg, 2rem);font-style:normal;}.wp-block-kadence-advancedheading.kt-adv-heading33_dd8485-a3 mark.kt-highlight, .wp-block-kadence-advancedheading.kt-adv-heading33_dd8485-a3[data-kb-block=\"kb-adv-heading33_dd8485-a3\"] mark.kt-highlight{font-style:normal;color:#f76a0c;-webkit-box-decoration-break:clone;box-decoration-break:clone;padding-top:0px;padding-right:0px;padding-bottom:0px;padding-left:0px;}<\/style>\n<p class=\"kt-adv-heading33_dd8485-a3 wp-block-kadence-advancedheading\" data-kb-block=\"kb-adv-heading33_dd8485-a3\"><strong><em>\u00a1Te Esperamos!<\/em><\/strong><\/p>\n\n\n\n<h5 class=\"wp-block-heading\">\ud83d\udccd Direcci\u00f3n: R\u00edo Tamazula #213B, Col. ISSSTE, Pachuca, Hidalgo, M\u00e9xico<\/h5>\n\n\n\n<h5 class=\"wp-block-heading\">\ud83d\udcf2 771 340 7696<\/h5>\n\n\n\n<p><iframe src=\"https:\/\/www.google.com\/maps\/embed?pb=!1m18!1m12!1m3!1d3747.4756404173!2d-98.77577012476914!3d20.07239453134834!2m3!1f0!2f0!3f0!3m2!1i1024!2i768!4f13.1!3m3!1m2!1s0x85d1a0e6e7481bef%3A0x6304d03a8b6569c8!2sR%C3%ADo%20Tamazula%20213%2C%20Issste%2C%2042083%20Pachuca%20de%20Soto%2C%20Hgo.!5e0!3m2!1ses!2smx!4v1766377516923!5m2!1ses!2smx\" width=\"600\" height=\"400\" style=\"border:0;\" allowfullscreen=\"\" loading=\"lazy\" referrerpolicy=\"no-referrer-when-downgrade\"><\/iframe><\/p>\n<\/div><\/div>\n\n\n<style>.wp-block-kadence-advancedheading.kt-adv-heading33_6702f8-02, .wp-block-kadence-advancedheading.kt-adv-heading33_6702f8-02[data-kb-block=\"kb-adv-heading33_6702f8-02\"]{text-align:center;font-style:normal;}.wp-block-kadence-advancedheading.kt-adv-heading33_6702f8-02 mark.kt-highlight, .wp-block-kadence-advancedheading.kt-adv-heading33_6702f8-02[data-kb-block=\"kb-adv-heading33_6702f8-02\"] mark.kt-highlight{font-style:normal;color:#f76a0c;-webkit-box-decoration-break:clone;box-decoration-break:clone;padding-top:0px;padding-right:0px;padding-bottom:0px;padding-left:0px;}<\/style>\n<h2 class=\"kt-adv-heading33_6702f8-02 wp-block-kadence-advancedheading\" data-kb-block=\"kb-adv-heading33_6702f8-02\">\u00bfTienes dudas o deseas m\u00e1s informaci\u00f3n?. Escr\u00edbenos y con gusto te ayudaremos a dar el siguiente paso en tu desarrollo acad\u00e9mico.<\/h2>\n\n\n<div class=\"wp-bootstrap-blocks-row row\">\n\t\n\n<div class=\"col-12\">\n\t\t\t\n<style  class=\"frbl-glass-effect\" data-frontblocks-glass-blur=\"10\" style=\"backdrop-filter:blur(10px);-webkit-backdrop-filter:blur(10px);\">.kadence-form-33_faf742-12 .kb-form .kadence-blocks-form-field .kb-text-style-field, .kadence-form-33_faf742-12 .kb-form .kadence-blocks-form-field .kb-select-style-field{color:#1e519f;font-size:var(--global-kb-font-size-xl, 3rem);}.kadence-form-33_faf742-12 .kb-form .kadence-blocks-form-field > label{font-size:var(--global-kb-font-size-lg, 2rem);text-transform:capitalize;font-family:Helvetica, sans-serif;font-style:normal;font-weight:inherit;}.kadence-form-33_faf742-12 .kb-form .kadence-blocks-form-field .kb-forms-submit{color:#ffffff;background:#1e519f;}.kadence-form-33_faf742-12 .kadence-blocks-form-success{color:#009d92;}.kadence-form-33_faf742-12 .kadence-blocks-form-message, .kadence-form-33_faf742-12 .kb-form-error-msg{border-radius:29px;font-family:Tahoma, Geneva, sans-serif;font-style:normal;font-weight:inherit;}.kb-form input.kadence-blocks-field.verify{opacity:0.0;position:absolute;top:0.0;left:0.0;width:0.0;height:0.0;z-index:-1;}<\/style>\n<div class=\"wp-block-kadence-form alignfull kadence-form-33_faf742-12 kb-form-wrap kb-form-align-center frbl-glass-effect\" style=\"backdrop-filter:blur(10px);webkit-backdrop-filter:blur(10px)\"><form class=\"kb-form\" action=\"\" method=\"post\"><div class=\"kadence-blocks-form-field kb-field-desk-width-80 kb-field-tablet-width-80 kb-field-mobile-width-80 kb-input-size-standard\"><label for=\"kb_field_33_faf742-12_0\">Nombre<span class=\"required\">*<\/span><\/label><input name=\"kb_field_0\" id=\"kb_field_33_faf742-12_0\" data-label=\"Nombre\" type=\"text\" placeholder=\"\" value=\"\" data-type=\"text\" class=\"kb-field kb-text-style-field kb-text-field kb-field-0\" data-required=\"yes\"\/><\/div><div class=\"kadence-blocks-form-field kb-form-field-1 kb-field-desk-width-80 kb-field-tablet-width-80 kb-field-mobile-width-80 kb-input-size-standard\"><label for=\"kb_field_33_faf742-12_1\">Correo Electr\u00f3nico<span class=\"required\">*<\/span><\/label><input name=\"kb_field_1\" id=\"kb_field_33_faf742-12_1\" data-label=\"Correo Electr\u00f3nico\" type=\"email\" placeholder=\"\" value=\"\" data-type=\"email\" class=\"kb-field kb-text-style-field kb-email-field kb-field-1\" data-required=\"yes\"\/><\/div><div class=\"kadence-blocks-form-field kb-form-field-2 kb-field-desk-width-80 kb-field-tablet-width-80 kb-field-mobile-width-80 kb-input-size-standard\"><label for=\"kb_field_33_faf742-12_2\">Mensaje<span class=\"required\">*<\/span><\/label><textarea name=\"kb_field_2\" id=\"kb_field_33_faf742-12_2\" data-label=\"Mensaje\" type=\"textarea\" placeholder=\"\" data-type=\"textarea\" class=\"kb-field kb-text-style-field kb-textarea-field kb-field-2\" rows=\"4\" data-required=\"yes\"><\/textarea><\/div><input type=\"hidden\" name=\"_kb_form_id\" value=\"33_faf742-12\"\/><input type=\"hidden\" name=\"_kb_form_post_id\" value=\"33\"\/><input type=\"hidden\" name=\"action\" value=\"kb_process_ajax_submit\"\/><label class=\"kadence-verify-label\">Email<input class=\"kadence-blocks-field verify\" type=\"text\" name=\"_kb_verify_email\" autocomplete=\"new-password\" aria-hidden=\"true\" placeholder=\"Email\" tabindex=\"-1\" data-1p-ignore=\"true\" data-lpignore=\"true\" \/><\/label><div class=\"kadence-blocks-form-field kb-submit-field kb-field-desk-width-100\"><button class=\"kb-forms-submit button kb-button-size-standard kb-button-width-auto\">Enviar<\/button><\/div><\/form><\/div>\n<noscript><div class=\"kadence-blocks-form-message kadence-blocks-form-warning\">Activar JavaScript en tu navegador para enviar el formulario<\/div><style>.kadence-form-33_faf742-12 .kadence-blocks-form-field.kb-submit-field { display: none; }<\/style><\/noscript>\n\t<\/div>\n\n<\/div>\n","protected":false},"excerpt":{"rendered":"<p>Cont\u00e1ctanos Estamos para ayudarte en tu camino acad\u00e9mico. Escr\u00edbenos o vis\u00edtanos para recibir orientaci\u00f3n personalizada, resolver dudas o iniciar tu [&hellip;]<\/p>\n","protected":false},"author":1,"featured_media":0,"parent":0,"menu_order":0,"comment_status":"closed","ping_status":"closed","template":"","meta":{"_acf_changed":false,"gtb_hide_title":false,"gtb_wrap_title":false,"gtb_class_title":"","gtb_remove_headerfooter":false,"footnotes":""},"class_list":["post-33","page","type-page","status-publish","hentry"],"acf":[],"_links":{"self":[{"href":"https:\/\/unitesla.com.mx\/index.php\/wp-json\/wp\/v2\/pages\/33","targetHints":{"allow":["GET"]}}],"collection":[{"href":"https:\/\/unitesla.com.mx\/index.php\/wp-json\/wp\/v2\/pages"}],"about":[{"href":"https:\/\/unitesla.com.mx\/index.php\/wp-json\/wp\/v2\/types\/page"}],"author":[{"embeddable":true,"href":"https:\/\/unitesla.com.mx\/index.php\/wp-json\/wp\/v2\/users\/1"}],"replies":[{"embeddable":true,"href":"https:\/\/unitesla.com.mx\/index.php\/wp-json\/wp\/v2\/comments?post=33"}],"version-history":[{"count":36,"href":"https:\/\/unitesla.com.mx\/index.php\/wp-json\/wp\/v2\/pages\/33\/revisions"}],"predecessor-version":[{"id":406,"href":"https:\/\/unitesla.com.mx\/index.php\/wp-json\/wp\/v2\/pages\/33\/revisions\/406"}],"wp:attachment":[{"href":"https:\/\/unitesla.com.mx\/index.php\/wp-json\/wp\/v2\/media?parent=33"}],"curies":[{"name":"wp","href":"https:\/\/api.w.org\/{rel}","templated":true}]}}